{"id":1178,"date":"2022-01-17T11:19:58","date_gmt":"2022-01-17T11:19:58","guid":{"rendered":"https:\/\/thevintagehouse.e-gdsbookingsuite.com\/?page_id=1178"},"modified":"2022-11-22T17:00:39","modified_gmt":"2022-11-22T17:00:39","slug":"covilha","status":"publish","type":"page","link":"https:\/\/www.royalcollectioncovilha.com\/en\/covilha\/","title":{"rendered":"Covilh\u00e3"},"content":{"rendered":"\t\t<div data-elementor-type=\"wp-post\" data-elementor-id=\"1178\" class=\"elementor elementor-1178 elementor-688\" data-elementor-settings=\"[]\">\n\t\t\t\t\t\t<div class=\"elementor-inner\">\n\t\t\t\t\t\t\t<div class=\"elementor-section-wrap\">\n\t\t\t\t\t\t\t<section class=\"elementor-section elementor-top-section elementor-element elementor-element-6229ba4 elementor-section-full_width elementor-section-height-min-height elementor-section-height-default elementor-section-items-middle\" data-id=\"6229ba4\" data-element_type=\"section\" data-settings=\"{&quot;background_background&quot;:&quot;classic&quot;}\">\n\t\t\t\t\t\t\t<div class=\"elementor-background-overlay\"><\/div>\n\t\t\t\t\t\t\t<div class=\"elementor-container elementor-column-gap-default\">\n\t\t\t\t\t\t\t<div class=\"elementor-row\">\n\t\t\t\t\t<div class=\"elementor-column elementor-col-100 elementor-top-column elementor-element elementor-element-1f66876d\" data-id=\"1f66876d\" data-element_type=\"column\">\n\t\t\t<div class=\"elementor-column-wrap elementor-element-populated\">\n\t\t\t\t\t\t\t<div class=\"elementor-widget-wrap\">\n\t\t\t\t\t\t<div class=\"elementor-element elementor-element-68d1557 elementor-widget elementor-widget-spacer\" data-id=\"68d1557\" data-element_type=\"widget\" data-widget_type=\"spacer.default\">\n\t\t\t\t<div class=\"elementor-widget-container\">\n\t\t\t\t\t<div class=\"elementor-spacer\">\n\t\t\t<div class=\"elementor-spacer-inner\"><\/div>\n\t\t<\/div>\n\t\t\t\t<\/div>\n\t\t\t\t<\/div>\n\t\t\t\t<div class=\"elementor-element elementor-element-321bcc27 elementor-view-default elementor-position-top elementor-invisible elementor-widget elementor-widget-themo-header\" data-id=\"321bcc27\" data-element_type=\"widget\" data-settings=\"{&quot;_animation&quot;:&quot;fadeIn&quot;}\" data-widget_type=\"themo-header.default\">\n\t\t\t\t<div class=\"elementor-widget-container\">\n\t\t\t\t\t<div class=\"th-header-wrap\">\n        <div class=\"elementor-icon-box-wrapper \">\n                            <div class=\"elementor-icon-box-content\">\n                    <h1 class=\"elementor-icon-box-title\">\n                        <span >Covilh\u00e3<\/span>\n                    <\/h1>\n                                        <p class=\"elementor-icon-box-description\"><\/p>\n\n                                    <\/div>\n            <\/div>\n\n        <\/div>\n\n\t\t\t\t<\/div>\n\t\t\t\t<\/div>\n\t\t\t\t<div class=\"elementor-element elementor-element-aa4d27e elementor-view-default elementor-position-top elementor-invisible elementor-widget elementor-widget-themo-header\" data-id=\"aa4d27e\" data-element_type=\"widget\" data-settings=\"{&quot;_animation&quot;:&quot;fadeIn&quot;}\" data-widget_type=\"themo-header.default\">\n\t\t\t\t<div class=\"elementor-widget-container\">\n\t\t\t\t\t<div class=\"th-header-wrap\">\n        <div class=\"elementor-icon-box-wrapper \">\n                            <div class=\"elementor-icon-box-content\">\n                    <h2 class=\"elementor-icon-box-title\">\n                        <span >Royal Collection Covilh\u00e3<\/span>\n                    <\/h2>\n                                        <p class=\"elementor-icon-box-description\"><\/p>\n\n                                    <\/div>\n            <\/div>\n\n        <\/div>\n\n\t\t\t\t<\/div>\n\t\t\t\t<\/div>\n\t\t\t\t\t\t<\/div>\n\t\t\t\t\t<\/div>\n\t\t<\/div>\n\t\t\t\t\t\t\t\t<\/div>\n\t\t\t\t\t<\/div>\n\t\t<\/section>\n\t\t\t\t<section class=\"elementor-section elementor-top-section elementor-element elementor-element-1dc1e6cf elementor-section-boxed elementor-section-height-default elementor-section-height-default\" data-id=\"1dc1e6cf\" data-element_type=\"section\" data-settings=\"{&quot;background_background&quot;:&quot;classic&quot;}\">\n\t\t\t\t\t\t<div class=\"elementor-container elementor-column-gap-default\">\n\t\t\t\t\t\t\t<div class=\"elementor-row\">\n\t\t\t\t\t<div class=\"elementor-column elementor-col-100 elementor-top-column elementor-element elementor-element-73bfa883\" data-id=\"73bfa883\" data-element_type=\"column\">\n\t\t\t<div class=\"elementor-column-wrap elementor-element-populated\">\n\t\t\t\t\t\t\t<div class=\"elementor-widget-wrap\">\n\t\t\t\t\t\t<div class=\"elementor-element elementor-element-9b370fa elementor-view-default elementor-position-top elementor-widget elementor-widget-themo-header\" data-id=\"9b370fa\" data-element_type=\"widget\" data-widget_type=\"themo-header.default\">\n\t\t\t\t<div class=\"elementor-widget-container\">\n\t\t\t\t\t<div class=\"th-header-wrap\">\n        <div class=\"elementor-icon-box-wrapper th-show-icon\">\n                            <div class=\"elementor-icon-box-icon th-icon-size-md\">\n                    <span class=\"elementor-icon \" >\n                                            <\/span>\n                <\/div>\n                                <div class=\"elementor-icon-box-content\">\n                    <h2 class=\"elementor-icon-box-title\">\n                        <span >Covilh\u00e3<\/span>\n                    <\/h2>\n                                            <span class=\"th-header-divider\"><\/span>\n                                        <p class=\"elementor-icon-box-description\">Located in the interior of Portugal, it is a mountain town.\nIts streets offer from the modern urban art spread by the city's murals, as well as its history that goes back to P\u00earo da Covilh\u00e3, diplomat and explorer of the discovery of the maritime route to India.\nIt is also a museum of the history of the great Jewish community that once settled here, of the famous wool industry that earned it the epithet of \u201cPortuguese Manchester\u201d.\nWith Serra da Estrela as a backdrop, the surrounding towns and villages are dazzled by the unique landscapes and experiences, natural heritage of this county.<\/p>\n\n                                    <\/div>\n            <\/div>\n\n        <\/div>\n\n\t\t\t\t<\/div>\n\t\t\t\t<\/div>\n\t\t\t\t<div class=\"elementor-element elementor-element-8bde072 elementor-view-default elementor-position-top elementor-widget elementor-widget-themo-header\" data-id=\"8bde072\" data-element_type=\"widget\" data-widget_type=\"themo-header.default\">\n\t\t\t\t<div class=\"elementor-widget-container\">\n\t\t\t\t\t<div class=\"th-header-wrap\">\n        <div class=\"elementor-icon-box-wrapper th-show-icon\">\n                            <div class=\"elementor-icon-box-icon th-icon-size-md\">\n                    <span class=\"elementor-icon \" >\n                                            <\/span>\n                <\/div>\n                                <div class=\"elementor-icon-box-content\">\n                    <h2 class=\"elementor-icon-box-title\">\n                        <span >Adventure<\/span>\n                    <\/h2>\n                                            <span class=\"th-header-divider\"><\/span>\n                                        <p class=\"elementor-icon-box-description\"><\/p>\n\n                                    <\/div>\n            <\/div>\n\n        <\/div>\n\n\t\t\t\t<\/div>\n\t\t\t\t<\/div>\n\t\t\t\t<div class=\"elementor-element elementor-element-80397d6 elementor-widget elementor-widget-image\" data-id=\"80397d6\" data-element_type=\"widget\" data-widget_type=\"image.default\">\n\t\t\t\t<div class=\"elementor-widget-container\">\n\t\t\t\t\t\t\t\t<div class=\"elementor-image\">\n\t\t\t\t\t\t\t\t\t\t\t\t<img width=\"1200\" height=\"800\" src=\"https:\/\/www.royalcollectioncovilha.com\/wp-content\/uploads\/2022\/01\/aventura-e1643965962525.jpg\" class=\"attachment-full size-full\" alt=\"\" loading=\"lazy\" \/>\t\t\t\t\t\t\t\t\t\t\t\t\t\t<\/div>\n\t\t\t\t\t\t<\/div>\n\t\t\t\t<\/div>\n\t\t\t\t<div class=\"elementor-element elementor-element-d00a7a2 elementor-widget elementor-widget-wp-widget-text\" data-id=\"d00a7a2\" data-element_type=\"widget\" data-widget_type=\"wp-widget-text.default\">\n\t\t\t\t<div class=\"elementor-widget-container\">\n\t\t\t\t\t\t<div class=\"textwidget\"><p><strong>Po\u00e7o do Inferno<\/strong><\/p>\n<p>Po\u00e7o do Inferno, as its name implies, is a well, or a small lagoon in the heart of Serra da Estrela. Resulting from a waterfall about 10 meters high, formed by the waters of the Leandres stream.<\/p>\n<p><strong>Nossa Senhora da Boa Estrela<\/strong><\/p>\n<p>The sculpture, more than 7 meters high, located in Cov\u00e3o do Boi, in the heart of Serra da Estrela, is carved in low relief, in the rock, patron saint of Shepherds, inaugurated in 1946.<\/p>\n<p><strong>Serra da Estrela<\/strong><\/p>\n<p>Its highest point, with 1993 meters of altitude and called Tower, makes it he highest mountain in mainland Portugal.<\/p>\n<p><strong>Unhais da Serra<\/strong><\/p>\n<p>The village of Unhais da Serra, located at an altitude of 650 meters, is located in a valley of glacial origin, where the stream of Unhais flows. Here you can do a river beach as well as canoeing.<\/p>\n<\/div>\n\t\t\t\t<\/div>\n\t\t\t\t<\/div>\n\t\t\t\t<div class=\"elementor-element elementor-element-f8e79a3 elementor-view-default elementor-position-top elementor-widget elementor-widget-themo-header\" data-id=\"f8e79a3\" data-element_type=\"widget\" data-widget_type=\"themo-header.default\">\n\t\t\t\t<div class=\"elementor-widget-container\">\n\t\t\t\t\t<div class=\"th-header-wrap\">\n        <div class=\"elementor-icon-box-wrapper th-show-icon\">\n                            <div class=\"elementor-icon-box-icon th-icon-size-md\">\n                    <span class=\"elementor-icon \" >\n                                            <\/span>\n                <\/div>\n                                <div class=\"elementor-icon-box-content\">\n                    <h2 class=\"elementor-icon-box-title\">\n                        <span >Culture<\/span>\n                    <\/h2>\n                                            <span class=\"th-header-divider\"><\/span>\n                                        <p class=\"elementor-icon-box-description\"><\/p>\n\n                                    <\/div>\n            <\/div>\n\n        <\/div>\n\n\t\t\t\t<\/div>\n\t\t\t\t<\/div>\n\t\t\t\t<div class=\"elementor-element elementor-element-e0b5ba1 elementor-widget elementor-widget-image\" data-id=\"e0b5ba1\" data-element_type=\"widget\" data-widget_type=\"image.default\">\n\t\t\t\t<div class=\"elementor-widget-container\">\n\t\t\t\t\t\t\t\t<div class=\"elementor-image\">\n\t\t\t\t\t\t\t\t\t\t\t\t<img width=\"1200\" height=\"801\" src=\"https:\/\/www.royalcollectioncovilha.com\/wp-content\/uploads\/2022\/02\/cultura-e1643966327632.jpg\" class=\"attachment-full size-full\" alt=\"\" loading=\"lazy\" \/>\t\t\t\t\t\t\t\t\t\t\t\t\t\t<\/div>\n\t\t\t\t\t\t<\/div>\n\t\t\t\t<\/div>\n\t\t\t\t<div class=\"elementor-element elementor-element-ebcc833 elementor-widget elementor-widget-wp-widget-text\" data-id=\"ebcc833\" data-element_type=\"widget\" data-widget_type=\"wp-widget-text.default\">\n\t\t\t\t<div class=\"elementor-widget-container\">\n\t\t\t\t\t\t<div class=\"textwidget\"><p><strong>Outdoor Urban Art Murals<\/strong><br \/>\nStarting in the city center, take a guided tour of the historic center and discover an open-air museum with more than 20 urban art paintings that you can find around a corner.<\/p>\n<p><strong>Cheese Museum<\/strong><br \/>\nIn a small village, you will find the interesting Cheese Museum. This museum tells the story of docile sheep, of wise shepherds who have inhabited the mountains since the beginning.<\/p>\n<p><strong>Wool Museum<\/strong><br \/>\n\u201cThe threads of the past weaving the future\u201d is the motto of the Wool Museum, also known as MUSLAN, which has in its custody one of the oldest industries, which began by asserting itself as a pure act of survival of the human species.<\/p>\n<p><strong>Ribeira da Carpinteira Bridge<\/strong><br \/>\nThe bridge over the Vale da Carpinteira is the result of a mobility plan by the Municipality of Covilh\u00e3 to facilitate pedestrian circulation between the city center and the Penedos Altos area.<\/p>\n<p><strong>St. Mary Church<\/strong><br \/>\nThis church covered with traditional tiles was known in the past, as the Chapel of Santa Maria do Castelo and its construction dates back to the mid-century. XVI.<\/p>\n<\/div>\n\t\t\t\t<\/div>\n\t\t\t\t<\/div>\n\t\t\t\t<div class=\"elementor-element elementor-element-76cf0d7 elementor-view-default elementor-position-top elementor-widget elementor-widget-themo-header\" data-id=\"76cf0d7\" data-element_type=\"widget\" data-widget_type=\"themo-header.default\">\n\t\t\t\t<div class=\"elementor-widget-container\">\n\t\t\t\t\t<div class=\"th-header-wrap\">\n        <div class=\"elementor-icon-box-wrapper th-show-icon\">\n                            <div class=\"elementor-icon-box-icon th-icon-size-md\">\n                    <span class=\"elementor-icon \" >\n                                            <\/span>\n                <\/div>\n                                <div class=\"elementor-icon-box-content\">\n                    <h2 class=\"elementor-icon-box-title\">\n                        <span >Restoration<\/span>\n                    <\/h2>\n                                            <span class=\"th-header-divider\"><\/span>\n                                        <p class=\"elementor-icon-box-description\"><\/p>\n\n                                    <\/div>\n            <\/div>\n\n        <\/div>\n\n\t\t\t\t<\/div>\n\t\t\t\t<\/div>\n\t\t\t\t<div class=\"elementor-element elementor-element-72d7b0e elementor-widget elementor-widget-image\" data-id=\"72d7b0e\" data-element_type=\"widget\" data-widget_type=\"image.default\">\n\t\t\t\t<div class=\"elementor-widget-container\">\n\t\t\t\t\t\t\t\t<div class=\"elementor-image\">\n\t\t\t\t\t\t\t\t\t\t\t\t<img width=\"1200\" height=\"800\" src=\"https:\/\/www.royalcollectioncovilha.com\/wp-content\/uploads\/2022\/02\/restauracao-e1643966357832.jpg\" class=\"attachment-full size-full\" alt=\"\" loading=\"lazy\" \/>\t\t\t\t\t\t\t\t\t\t\t\t\t\t<\/div>\n\t\t\t\t\t\t<\/div>\n\t\t\t\t<\/div>\n\t\t\t\t<div class=\"elementor-element elementor-element-0b81147 elementor-widget elementor-widget-wp-widget-text\" data-id=\"0b81147\" data-element_type=\"widget\" data-widget_type=\"wp-widget-text.default\">\n\t\t\t\t<div class=\"elementor-widget-container\">\n\t\t\t\t\t\t<div class=\"textwidget\"><p><strong>Breakfast<\/strong><br \/>\n&#8211; Caf\u00e9 Restaurante Montiel<br \/>\n&#8211; Nata Covilh\u00e3<\/p>\n<p>&nbsp;<\/p>\n<p><strong>Brunch<\/strong><br \/>\n&#8211; Of\u00e9lia casa de brunch<\/p>\n<p>&nbsp;<\/p>\n<p><strong>Lunch \/ Dinner<\/strong><br \/>\n&#8211; Taberna a Laranjinha<br \/>\n&#8211; O Z\u00e9 do Sporting<br \/>\n&#8211; Varanda da Estrela<\/p>\n<\/div>\n\t\t\t\t<\/div>\n\t\t\t\t<\/div>\n\t\t\t\t<div class=\"elementor-element elementor-element-4d85b0af elementor-widget elementor-widget-spacer\" data-id=\"4d85b0af\" data-element_type=\"widget\" data-widget_type=\"spacer.default\">\n\t\t\t\t<div class=\"elementor-widget-container\">\n\t\t\t\t\t<div class=\"elementor-spacer\">\n\t\t\t<div class=\"elementor-spacer-inner\"><\/div>\n\t\t<\/div>\n\t\t\t\t<\/div>\n\t\t\t\t<\/div>\n\t\t\t\t\t\t<\/div>\n\t\t\t\t\t<\/div>\n\t\t<\/div>\n\t\t\t\t\t\t\t\t<\/div>\n\t\t\t\t\t<\/div>\n\t\t<\/section>\n\t\t\t\t<section class=\"elementor-section elementor-top-section elementor-element elementor-element-8b7f736 elementor-section-full_width elementor-section-height-default elementor-section-height-default\" data-id=\"8b7f736\" data-element_type=\"section\">\n\t\t\t\t\t\t<div class=\"elementor-container elementor-column-gap-no\">\n\t\t\t\t\t\t\t<div class=\"elementor-row\">\n\t\t\t\t\t<div class=\"elementor-column elementor-col-100 elementor-top-column elementor-element elementor-element-9b35033\" data-id=\"9b35033\" data-element_type=\"column\">\n\t\t\t<div class=\"elementor-column-wrap elementor-element-populated\">\n\t\t\t\t\t\t\t<div class=\"elementor-widget-wrap\">\n\t\t\t\t\t\t<div class=\"elementor-element elementor-element-aa7e0d3 elementor-arrows-position-inside elementor-widget elementor-widget-image-carousel\" data-id=\"aa7e0d3\" data-element_type=\"widget\" data-settings=\"{&quot;slides_to_show&quot;:&quot;4&quot;,&quot;navigation&quot;:&quot;arrows&quot;,&quot;autoplay&quot;:&quot;yes&quot;,&quot;pause_on_hover&quot;:&quot;yes&quot;,&quot;pause_on_interaction&quot;:&quot;yes&quot;,&quot;autoplay_speed&quot;:5000,&quot;infinite&quot;:&quot;yes&quot;,&quot;speed&quot;:500}\" data-widget_type=\"image-carousel.default\">\n\t\t\t\t<div class=\"elementor-widget-container\">\n\t\t\t\t\t<div class=\"elementor-image-carousel-wrapper swiper-container\" dir=\"ltr\">\n\t\t\t<div class=\"elementor-image-carousel swiper-wrapper swiper-image-stretch\">\n\t\t\t\t\t\t\t\t<div class=\"swiper-slide\"><a data-elementor-open-lightbox=\"yes\" data-elementor-lightbox-slideshow=\"aa7e0d3\" data-elementor-lightbox-title=\"gallery-01\" href=\"https:\/\/www.royalcollectioncovilha.com\/wp-content\/uploads\/2022\/01\/gallery-01.jpg\"><figure class=\"swiper-slide-inner\"><img class=\"swiper-slide-image\" src=\"https:\/\/www.royalcollectioncovilha.com\/wp-content\/uploads\/2022\/01\/gallery-01-605x465.jpg\" alt=\"Cozinha T4\" \/><\/figure><\/a><\/div><div class=\"swiper-slide\"><a data-elementor-open-lightbox=\"yes\" data-elementor-lightbox-slideshow=\"aa7e0d3\" data-elementor-lightbox-title=\"gallery-02\" href=\"https:\/\/www.royalcollectioncovilha.com\/wp-content\/uploads\/2022\/01\/gallery-02.jpg\"><figure class=\"swiper-slide-inner\"><img class=\"swiper-slide-image\" src=\"https:\/\/www.royalcollectioncovilha.com\/wp-content\/uploads\/2022\/01\/gallery-02-605x465.jpg\" alt=\"gallery-02\" \/><\/figure><\/a><\/div><div class=\"swiper-slide\"><a data-elementor-open-lightbox=\"yes\" data-elementor-lightbox-slideshow=\"aa7e0d3\" data-elementor-lightbox-title=\"gallery-03\" href=\"https:\/\/www.royalcollectioncovilha.com\/wp-content\/uploads\/2022\/01\/gallery-03.jpg\"><figure class=\"swiper-slide-inner\"><img class=\"swiper-slide-image\" src=\"https:\/\/www.royalcollectioncovilha.com\/wp-content\/uploads\/2022\/01\/gallery-03-605x465.jpg\" alt=\"gallery-03\" \/><\/figure><\/a><\/div><div class=\"swiper-slide\"><a data-elementor-open-lightbox=\"yes\" data-elementor-lightbox-slideshow=\"aa7e0d3\" data-elementor-lightbox-title=\"gallery-04\" href=\"https:\/\/www.royalcollectioncovilha.com\/wp-content\/uploads\/2022\/01\/gallery-04.jpg\"><figure class=\"swiper-slide-inner\"><img class=\"swiper-slide-image\" src=\"https:\/\/www.royalcollectioncovilha.com\/wp-content\/uploads\/2022\/01\/gallery-04-605x465.jpg\" alt=\"gallery-04\" \/><\/figure><\/a><\/div><div class=\"swiper-slide\"><a data-elementor-open-lightbox=\"yes\" data-elementor-lightbox-slideshow=\"aa7e0d3\" data-elementor-lightbox-title=\"gallery-05\" href=\"https:\/\/www.royalcollectioncovilha.com\/wp-content\/uploads\/2022\/01\/gallery-05.jpg\"><figure class=\"swiper-slide-inner\"><img class=\"swiper-slide-image\" src=\"https:\/\/www.royalcollectioncovilha.com\/wp-content\/uploads\/2022\/01\/gallery-05-605x465.jpg\" alt=\"gallery-05\" \/><\/figure><\/a><\/div>\t\t\t<\/div>\n\t\t\t\t\t\t\t\t\t\t\t\t\t\t\t\t<div class=\"elementor-swiper-button elementor-swiper-button-prev\">\n\t\t\t\t\t\t<i class=\"eicon-chevron-left\" aria-hidden=\"true\"><\/i>\n\t\t\t\t\t\t<span class=\"elementor-screen-only\">Previous<\/span>\n\t\t\t\t\t<\/div>\n\t\t\t\t\t<div class=\"elementor-swiper-button elementor-swiper-button-next\">\n\t\t\t\t\t\t<i class=\"eicon-chevron-right\" aria-hidden=\"true\"><\/i>\n\t\t\t\t\t\t<span class=\"elementor-screen-only\">Next<\/span>\n\t\t\t\t\t<\/div>\n\t\t\t\t\t\t\t\t\t<\/div>\n\t\t\t\t<\/div>\n\t\t\t\t<\/div>\n\t\t\t\t\t\t<\/div>\n\t\t\t\t\t<\/div>\n\t\t<\/div>\n\t\t\t\t\t\t\t\t<\/div>\n\t\t\t\t\t<\/div>\n\t\t<\/section>\n\t\t\t\t<section class=\"elementor-section elementor-top-section elementor-element elementor-element-6200bcf1 elementor-section-boxed elementor-section-height-default elementor-section-height-default\" data-id=\"6200bcf1\" data-element_type=\"section\" data-settings=\"{&quot;background_background&quot;:&quot;classic&quot;}\">\n\t\t\t\t\t\t<div class=\"elementor-container elementor-column-gap-wider\">\n\t\t\t\t\t\t\t<div class=\"elementor-row\">\n\t\t\t\t\t<div class=\"elementor-column elementor-col-100 elementor-top-column elementor-element elementor-element-6ac1f6e\" data-id=\"6ac1f6e\" data-element_type=\"column\">\n\t\t\t<div class=\"elementor-column-wrap elementor-element-populated\">\n\t\t\t\t\t\t\t<div class=\"elementor-widget-wrap\">\n\t\t\t\t\t\t<div class=\"elementor-element elementor-element-4c028351 elementor-widget elementor-widget-themo-call-to-action\" data-id=\"4c028351\" data-element_type=\"widget\" data-widget_type=\"themo-call-to-action.default\">\n\t\t\t\t<div class=\"elementor-widget-container\">\n\t\t\t\t\t<div class=\"th-cta\">\n\t\t\t\t\t        <div class=\"th-cta-text\">\n\t\t            <span>Ready for a memorable stay?<\/span>\n\t\t        <\/div>\n\t\t    \n                        <div class=\"th-cta-btn\">\n\n                                    <a class=\"btn-1 btn th-btn btn-ghost-light\" href=\"https:\/\/securept2.e-gds.com\/royalcollection?lang=en\" target=\"_blank\">\n                                                    Book Now                                            <\/a>\n                \n                            <\/div>\n            \t\t<\/div>\n\t\t\t\t<\/div>\n\t\t\t\t<\/div>\n\t\t\t\t\t\t<\/div>\n\t\t\t\t\t<\/div>\n\t\t<\/div>\n\t\t\t\t\t\t\t\t<\/div>\n\t\t\t\t\t<\/div>\n\t\t<\/section>\n\t\t\t\t\t\t<\/div>\n\t\t\t\t\t\t<\/div>\n\t\t\t\t\t<\/div>\n\t\t","protected":false},"excerpt":{"rendered":"<p>Covilh\u00e3 Royal Collection Covilh\u00e3 Covilh\u00e3 Located in the interior of Portugal, it is a mountain town. Its streets offer from the modern urban art spread by the city&#8217;s murals, as well as its history that goes back to P\u00earo da &hellip; <a href=\"https:\/\/www.royalcollectioncovilha.com\/en\/covilha\/\">Read More<\/a><\/p>\n","protected":false},"author":1,"featured_media":0,"parent":0,"menu_order":13,"comment_status":"closed","ping_status":"closed","template":"","meta":[],"aioseo_notices":[],"_links":{"self":[{"href":"https:\/\/www.royalcollectioncovilha.com\/en\/wp-json\/wp\/v2\/pages\/1178"}],"collection":[{"href":"https:\/\/www.royalcollectioncovilha.com\/en\/wp-json\/wp\/v2\/pages"}],"about":[{"href":"https:\/\/www.royalcollectioncovilha.com\/en\/wp-json\/wp\/v2\/types\/page"}],"author":[{"embeddable":true,"href":"https:\/\/www.royalcollectioncovilha.com\/en\/wp-json\/wp\/v2\/users\/1"}],"replies":[{"embeddable":true,"href":"https:\/\/www.royalcollectioncovilha.com\/en\/wp-json\/wp\/v2\/comments?post=1178"}],"version-history":[{"count":64,"href":"https:\/\/www.royalcollectioncovilha.com\/en\/wp-json\/wp\/v2\/pages\/1178\/revisions"}],"predecessor-version":[{"id":2931,"href":"https:\/\/www.royalcollectioncovilha.com\/en\/wp-json\/wp\/v2\/pages\/1178\/revisions\/2931"}],"wp:attachment":[{"href":"https:\/\/www.royalcollectioncovilha.com\/en\/wp-json\/wp\/v2\/media?parent=1178"}],"curies":[{"name":"wp","href":"https:\/\/api.w.org\/{rel}","templated":true}]}}