{"id":1462,"date":"2022-01-17T15:17:12","date_gmt":"2022-01-17T15:17:12","guid":{"rendered":"https:\/\/thevintagehouse.e-gdsbookingsuite.com\/?page_id=1462"},"modified":"2022-11-22T17:03:55","modified_gmt":"2022-11-22T17:03:55","slug":"covilha","status":"publish","type":"page","link":"https:\/\/www.royalcollectioncovilha.com\/fr\/covilha\/","title":{"rendered":"Covilh\u00e3"},"content":{"rendered":"\t\t<div data-elementor-type=\"wp-post\" data-elementor-id=\"1462\" class=\"elementor elementor-1462 elementor-688\" data-elementor-settings=\"[]\">\n\t\t\t\t\t\t<div class=\"elementor-inner\">\n\t\t\t\t\t\t\t<div class=\"elementor-section-wrap\">\n\t\t\t\t\t\t\t<section class=\"elementor-section elementor-top-section elementor-element elementor-element-6229ba4 elementor-section-full_width elementor-section-height-min-height elementor-section-height-default elementor-section-items-middle\" data-id=\"6229ba4\" data-element_type=\"section\" data-settings=\"{&quot;background_background&quot;:&quot;classic&quot;}\">\n\t\t\t\t\t\t\t<div class=\"elementor-background-overlay\"><\/div>\n\t\t\t\t\t\t\t<div class=\"elementor-container elementor-column-gap-default\">\n\t\t\t\t\t\t\t<div class=\"elementor-row\">\n\t\t\t\t\t<div class=\"elementor-column elementor-col-100 elementor-top-column elementor-element elementor-element-1f66876d\" data-id=\"1f66876d\" data-element_type=\"column\">\n\t\t\t<div class=\"elementor-column-wrap elementor-element-populated\">\n\t\t\t\t\t\t\t<div class=\"elementor-widget-wrap\">\n\t\t\t\t\t\t<div class=\"elementor-element elementor-element-68d1557 elementor-widget elementor-widget-spacer\" data-id=\"68d1557\" data-element_type=\"widget\" data-widget_type=\"spacer.default\">\n\t\t\t\t<div class=\"elementor-widget-container\">\n\t\t\t\t\t<div class=\"elementor-spacer\">\n\t\t\t<div class=\"elementor-spacer-inner\"><\/div>\n\t\t<\/div>\n\t\t\t\t<\/div>\n\t\t\t\t<\/div>\n\t\t\t\t<div class=\"elementor-element elementor-element-321bcc27 elementor-view-default elementor-position-top elementor-invisible elementor-widget elementor-widget-themo-header\" data-id=\"321bcc27\" data-element_type=\"widget\" data-settings=\"{&quot;_animation&quot;:&quot;fadeIn&quot;}\" data-widget_type=\"themo-header.default\">\n\t\t\t\t<div class=\"elementor-widget-container\">\n\t\t\t\t\t<div class=\"th-header-wrap\">\n        <div class=\"elementor-icon-box-wrapper \">\n                            <div class=\"elementor-icon-box-content\">\n                    <h1 class=\"elementor-icon-box-title\">\n                        <span >Covilh\u00e3<\/span>\n                    <\/h1>\n                                        <p class=\"elementor-icon-box-description\"><\/p>\n\n                                    <\/div>\n            <\/div>\n\n        <\/div>\n\n\t\t\t\t<\/div>\n\t\t\t\t<\/div>\n\t\t\t\t<div class=\"elementor-element elementor-element-f140d84 elementor-view-default elementor-position-top elementor-invisible elementor-widget elementor-widget-themo-header\" data-id=\"f140d84\" data-element_type=\"widget\" data-settings=\"{&quot;_animation&quot;:&quot;fadeIn&quot;}\" data-widget_type=\"themo-header.default\">\n\t\t\t\t<div class=\"elementor-widget-container\">\n\t\t\t\t\t<div class=\"th-header-wrap\">\n        <div class=\"elementor-icon-box-wrapper \">\n                            <div class=\"elementor-icon-box-content\">\n                    <h2 class=\"elementor-icon-box-title\">\n                        <span >Royal Collection Covilh\u00e3<\/span>\n                    <\/h2>\n                                        <p class=\"elementor-icon-box-description\"><\/p>\n\n                                    <\/div>\n            <\/div>\n\n        <\/div>\n\n\t\t\t\t<\/div>\n\t\t\t\t<\/div>\n\t\t\t\t\t\t<\/div>\n\t\t\t\t\t<\/div>\n\t\t<\/div>\n\t\t\t\t\t\t\t\t<\/div>\n\t\t\t\t\t<\/div>\n\t\t<\/section>\n\t\t\t\t<section class=\"elementor-section elementor-top-section elementor-element elementor-element-1dc1e6cf elementor-section-boxed elementor-section-height-default elementor-section-height-default\" data-id=\"1dc1e6cf\" data-element_type=\"section\" data-settings=\"{&quot;background_background&quot;:&quot;classic&quot;}\">\n\t\t\t\t\t\t<div class=\"elementor-container elementor-column-gap-default\">\n\t\t\t\t\t\t\t<div class=\"elementor-row\">\n\t\t\t\t\t<div class=\"elementor-column elementor-col-100 elementor-top-column elementor-element elementor-element-73bfa883\" data-id=\"73bfa883\" data-element_type=\"column\">\n\t\t\t<div class=\"elementor-column-wrap elementor-element-populated\">\n\t\t\t\t\t\t\t<div class=\"elementor-widget-wrap\">\n\t\t\t\t\t\t<div class=\"elementor-element elementor-element-9b370fa elementor-view-default elementor-position-top elementor-widget elementor-widget-themo-header\" data-id=\"9b370fa\" data-element_type=\"widget\" data-widget_type=\"themo-header.default\">\n\t\t\t\t<div class=\"elementor-widget-container\">\n\t\t\t\t\t<div class=\"th-header-wrap\">\n        <div class=\"elementor-icon-box-wrapper th-show-icon\">\n                            <div class=\"elementor-icon-box-icon th-icon-size-md\">\n                    <span class=\"elementor-icon \" >\n                                            <\/span>\n                <\/div>\n                                <div class=\"elementor-icon-box-content\">\n                    <h2 class=\"elementor-icon-box-title\">\n                        <span >Covilh\u00e3<\/span>\n                    <\/h2>\n                                            <span class=\"th-header-divider\"><\/span>\n                                        <p class=\"elementor-icon-box-description\">Situ\u00e9 \u00e0 l'int\u00e9rieur du Portugal, c'est une ville de montagne.\nSes rues offrent de l'art urbain moderne r\u00e9pandu par les peintures murales de la ville, ainsi que son histoire qui remonte \u00e0 P\u00earo da Covilh\u00e3, diplomate et explorateur de la d\u00e9couverte de la route maritime vers l'Inde.\nC'est aussi un mus\u00e9e de l'histoire de la grande communaut\u00e9 juive qui s'y est autrefois install\u00e9e, de la c\u00e9l\u00e8bre industrie de la laine qui lui a valu l'\u00e9pith\u00e8te de \u00ab Manchester portugais \u00bb.\nAvec la Serra da Estrela en toile de fond, les villes et villages environnants sont \u00e9blouis par les paysages et les exp\u00e9riences uniques, patrimoine naturel de cette commune.<\/p>\n\n                                    <\/div>\n            <\/div>\n\n        <\/div>\n\n\t\t\t\t<\/div>\n\t\t\t\t<\/div>\n\t\t\t\t<div class=\"elementor-element elementor-element-8bde072 elementor-view-default elementor-position-top elementor-widget elementor-widget-themo-header\" data-id=\"8bde072\" data-element_type=\"widget\" data-widget_type=\"themo-header.default\">\n\t\t\t\t<div class=\"elementor-widget-container\">\n\t\t\t\t\t<div class=\"th-header-wrap\">\n        <div class=\"elementor-icon-box-wrapper th-show-icon\">\n                            <div class=\"elementor-icon-box-icon th-icon-size-md\">\n                    <span class=\"elementor-icon \" >\n                                            <\/span>\n                <\/div>\n                                <div class=\"elementor-icon-box-content\">\n                    <h2 class=\"elementor-icon-box-title\">\n                        <span >Aventure<\/span>\n                    <\/h2>\n                                            <span class=\"th-header-divider\"><\/span>\n                                        <p class=\"elementor-icon-box-description\"><\/p>\n\n                                    <\/div>\n            <\/div>\n\n        <\/div>\n\n\t\t\t\t<\/div>\n\t\t\t\t<\/div>\n\t\t\t\t<div class=\"elementor-element elementor-element-aa60dc0 elementor-widget elementor-widget-image\" data-id=\"aa60dc0\" data-element_type=\"widget\" data-widget_type=\"image.default\">\n\t\t\t\t<div class=\"elementor-widget-container\">\n\t\t\t\t\t\t\t\t<div class=\"elementor-image\">\n\t\t\t\t\t\t\t\t\t\t\t\t<img width=\"1200\" height=\"800\" src=\"https:\/\/www.royalcollectioncovilha.com\/wp-content\/uploads\/2022\/02\/aventura-e1643966291394.jpg\" class=\"attachment-full size-full\" alt=\"\" loading=\"lazy\" \/>\t\t\t\t\t\t\t\t\t\t\t\t\t\t<\/div>\n\t\t\t\t\t\t<\/div>\n\t\t\t\t<\/div>\n\t\t\t\t<div class=\"elementor-element elementor-element-f928186 elementor-widget elementor-widget-wp-widget-text\" data-id=\"f928186\" data-element_type=\"widget\" data-widget_type=\"wp-widget-text.default\">\n\t\t\t\t<div class=\"elementor-widget-container\">\n\t\t\t\t\t\t<div class=\"textwidget\"><p><strong>Po\u00e7o do Inferno<\/strong><\/p>\n<p>Po\u00e7o do Inferno, comme son nom l&rsquo;indique, est un puits ou un petit lac au milieu de la Serra da Estrela. Issu d&rsquo;une cascade d&rsquo;environ 10 m\u00e8tres de haut, form\u00e9e par les eaux du ruisseau L\u00e9andres.<\/p>\n<p><strong>Nossa Senhora da Boa Estrela<\/strong><\/p>\n<p>La sculpture, haute de plus de 7 m\u00e8tres, situ\u00e9e \u00e0 Cov\u00e3o do Boi, au milieu de la Serra da Estrela, est sculpt\u00e9e en bas-relief, dans la roche, patronne des bergers, inaugur\u00e9e en 1946.<\/p>\n<p><strong>Serra da Estrela<\/strong><\/p>\n<p>Son point culminant, avec 1993 m\u00e8tres d&rsquo;altitude et appel\u00e9 Tour, en fait la plus haute montagne du Portugal continental.<\/p>\n<p><strong>Unhais da Serra<\/strong><\/p>\n<p>Le village d&rsquo;Unhais da Serra, situ\u00e9 \u00e0 une altitude de 650 m\u00e8tres, est situ\u00e9 dans une vall\u00e9e d&rsquo;origine glaciaire, o\u00f9 coule le ruisseau Unhais. Ici, vous pouvez faire une plage fluviale et du cano\u00eb-kayak.<\/p>\n<\/div>\n\t\t\t\t<\/div>\n\t\t\t\t<\/div>\n\t\t\t\t<div class=\"elementor-element elementor-element-f8e79a3 elementor-view-default elementor-position-top elementor-widget elementor-widget-themo-header\" data-id=\"f8e79a3\" data-element_type=\"widget\" data-widget_type=\"themo-header.default\">\n\t\t\t\t<div class=\"elementor-widget-container\">\n\t\t\t\t\t<div class=\"th-header-wrap\">\n        <div class=\"elementor-icon-box-wrapper th-show-icon\">\n                            <div class=\"elementor-icon-box-icon th-icon-size-md\">\n                    <span class=\"elementor-icon \" >\n                                            <\/span>\n                <\/div>\n                                <div class=\"elementor-icon-box-content\">\n                    <h2 class=\"elementor-icon-box-title\">\n                        <span >Culture<\/span>\n                    <\/h2>\n                                            <span class=\"th-header-divider\"><\/span>\n                                        <p class=\"elementor-icon-box-description\"><\/p>\n\n                                    <\/div>\n            <\/div>\n\n        <\/div>\n\n\t\t\t\t<\/div>\n\t\t\t\t<\/div>\n\t\t\t\t<div class=\"elementor-element elementor-element-67464ab elementor-widget elementor-widget-image\" data-id=\"67464ab\" data-element_type=\"widget\" data-widget_type=\"image.default\">\n\t\t\t\t<div class=\"elementor-widget-container\">\n\t\t\t\t\t\t\t\t<div class=\"elementor-image\">\n\t\t\t\t\t\t\t\t\t\t\t\t<img width=\"1200\" height=\"801\" src=\"https:\/\/www.royalcollectioncovilha.com\/wp-content\/uploads\/2022\/02\/cultura-e1643966327632.jpg\" class=\"attachment-full size-full\" alt=\"\" loading=\"lazy\" \/>\t\t\t\t\t\t\t\t\t\t\t\t\t\t<\/div>\n\t\t\t\t\t\t<\/div>\n\t\t\t\t<\/div>\n\t\t\t\t<div class=\"elementor-element elementor-element-46afe1c elementor-widget elementor-widget-wp-widget-text\" data-id=\"46afe1c\" data-element_type=\"widget\" data-widget_type=\"wp-widget-text.default\">\n\t\t\t\t<div class=\"elementor-widget-container\">\n\t\t\t\t\t\t<div class=\"textwidget\"><p><strong>Art Urbain en Plein Air<\/strong><\/p>\n<p>En partant du centre-ville, faites une visite guid\u00e9e du centre historique et d\u00e9couvrez un mus\u00e9e en plein air avec plus de 20 peintures d&rsquo;art urbain que vous pouvez trouver au coin de la rue.<\/p>\n<p><strong>Mus\u00e9e du Fromage<\/strong><\/p>\n<p>Dans un petit village, vous trouverez l&rsquo;int\u00e9ressant Mus\u00e9e du Fromage. Ce mus\u00e9e raconte l&rsquo;histoire de moutons dociles, de bergers sages qui habitent les montagnes depuis l&rsquo;origine.<\/p>\n<p><strong>Mus\u00e9e de la Laine<\/strong><\/p>\n<p>\u00ab Les fils du pass\u00e9 tissant l&rsquo;avenir \u00bb est la devise du Mus\u00e9e de la Laine, \u00e9galement connu sous le nom de MUSLAN, qui a sous sa garde l&rsquo;une des plus anciennes industries, qui a commenc\u00e9 par s&rsquo;affirmer comme un pur acte de survie de l&rsquo;esp\u00e8ce humaine.<\/p>\n<p><strong>Pont de Ribeira da Carpinteira<\/strong><\/p>\n<p>Le pont sur la Vale da Carpinteira est le r\u00e9sultat d&rsquo;un plan de mobilit\u00e9 de la municipalit\u00e9 de Covilh\u00e3 pour faciliter la circulation pi\u00e9tonne entre le centre-ville et la zone de Penedos Altos.<\/p>\n<p><strong>\u00c9glise Sainte-Marie<\/strong><\/p>\n<p>Cette \u00e9glise couverte de tuiles traditionnelles \u00e9tait connue, dans le pass\u00e9, comme la chapelle de Santa Maria do Castelo et sa construction remonte au milieu du si\u00e8cle XVI.<\/p>\n<\/div>\n\t\t\t\t<\/div>\n\t\t\t\t<\/div>\n\t\t\t\t<div class=\"elementor-element elementor-element-76cf0d7 elementor-view-default elementor-position-top elementor-widget elementor-widget-themo-header\" data-id=\"76cf0d7\" data-element_type=\"widget\" data-widget_type=\"themo-header.default\">\n\t\t\t\t<div class=\"elementor-widget-container\">\n\t\t\t\t\t<div class=\"th-header-wrap\">\n        <div class=\"elementor-icon-box-wrapper th-show-icon\">\n                            <div class=\"elementor-icon-box-icon th-icon-size-md\">\n                    <span class=\"elementor-icon \" >\n                                            <\/span>\n                <\/div>\n                                <div class=\"elementor-icon-box-content\">\n                    <h2 class=\"elementor-icon-box-title\">\n                        <span >Restauration<\/span>\n                    <\/h2>\n                                            <span class=\"th-header-divider\"><\/span>\n                                        <p class=\"elementor-icon-box-description\"><\/p>\n\n                                    <\/div>\n            <\/div>\n\n        <\/div>\n\n\t\t\t\t<\/div>\n\t\t\t\t<\/div>\n\t\t\t\t<div class=\"elementor-element elementor-element-fefe661 elementor-widget elementor-widget-image\" data-id=\"fefe661\" data-element_type=\"widget\" data-widget_type=\"image.default\">\n\t\t\t\t<div class=\"elementor-widget-container\">\n\t\t\t\t\t\t\t\t<div class=\"elementor-image\">\n\t\t\t\t\t\t\t\t\t\t\t\t<img width=\"1200\" height=\"800\" src=\"https:\/\/www.royalcollectioncovilha.com\/wp-content\/uploads\/2022\/02\/restauracao-e1643966357832.jpg\" class=\"attachment-full size-full\" alt=\"\" loading=\"lazy\" \/>\t\t\t\t\t\t\t\t\t\t\t\t\t\t<\/div>\n\t\t\t\t\t\t<\/div>\n\t\t\t\t<\/div>\n\t\t\t\t<div class=\"elementor-element elementor-element-e59bc79 elementor-widget elementor-widget-wp-widget-text\" data-id=\"e59bc79\" data-element_type=\"widget\" data-widget_type=\"wp-widget-text.default\">\n\t\t\t\t<div class=\"elementor-widget-container\">\n\t\t\t\t\t\t<div class=\"textwidget\"><p><strong>Petit D\u00e9jeuner<\/strong><br \/>\n&#8211; Caf\u00e9 Restaurante Montiel<br \/>\n&#8211; Nata Covilh\u00e3<\/p>\n<p>&nbsp;<\/p>\n<p><strong>Brunch<\/strong><br \/>\n&#8211; Of\u00e9lia casa de brunch<\/p>\n<p>&nbsp;<\/p>\n<p><strong>D\u00e9jeuner \/ Diner<\/strong><br \/>\n&#8211; Taberna a Laranjinha<br \/>\n&#8211; O Z\u00e9 do Sporting<br \/>\n&#8211; Varanda da Estrela<\/p>\n<\/div>\n\t\t\t\t<\/div>\n\t\t\t\t<\/div>\n\t\t\t\t<div class=\"elementor-element elementor-element-4d85b0af elementor-widget elementor-widget-spacer\" data-id=\"4d85b0af\" data-element_type=\"widget\" data-widget_type=\"spacer.default\">\n\t\t\t\t<div class=\"elementor-widget-container\">\n\t\t\t\t\t<div class=\"elementor-spacer\">\n\t\t\t<div class=\"elementor-spacer-inner\"><\/div>\n\t\t<\/div>\n\t\t\t\t<\/div>\n\t\t\t\t<\/div>\n\t\t\t\t\t\t<\/div>\n\t\t\t\t\t<\/div>\n\t\t<\/div>\n\t\t\t\t\t\t\t\t<\/div>\n\t\t\t\t\t<\/div>\n\t\t<\/section>\n\t\t\t\t<section class=\"elementor-section elementor-top-section elementor-element elementor-element-8b7f736 elementor-section-full_width elementor-section-height-default elementor-section-height-default\" data-id=\"8b7f736\" data-element_type=\"section\">\n\t\t\t\t\t\t<div class=\"elementor-container elementor-column-gap-no\">\n\t\t\t\t\t\t\t<div class=\"elementor-row\">\n\t\t\t\t\t<div class=\"elementor-column elementor-col-100 elementor-top-column elementor-element elementor-element-9b35033\" data-id=\"9b35033\" data-element_type=\"column\">\n\t\t\t<div class=\"elementor-column-wrap elementor-element-populated\">\n\t\t\t\t\t\t\t<div class=\"elementor-widget-wrap\">\n\t\t\t\t\t\t<div class=\"elementor-element elementor-element-aa7e0d3 elementor-arrows-position-inside elementor-widget elementor-widget-image-carousel\" data-id=\"aa7e0d3\" data-element_type=\"widget\" data-settings=\"{&quot;slides_to_show&quot;:&quot;4&quot;,&quot;navigation&quot;:&quot;arrows&quot;,&quot;autoplay&quot;:&quot;yes&quot;,&quot;pause_on_hover&quot;:&quot;yes&quot;,&quot;pause_on_interaction&quot;:&quot;yes&quot;,&quot;autoplay_speed&quot;:5000,&quot;infinite&quot;:&quot;yes&quot;,&quot;speed&quot;:500}\" data-widget_type=\"image-carousel.default\">\n\t\t\t\t<div class=\"elementor-widget-container\">\n\t\t\t\t\t<div class=\"elementor-image-carousel-wrapper swiper-container\" dir=\"ltr\">\n\t\t\t<div class=\"elementor-image-carousel swiper-wrapper swiper-image-stretch\">\n\t\t\t\t\t\t\t\t<div class=\"swiper-slide\"><a data-elementor-open-lightbox=\"yes\" data-elementor-lightbox-slideshow=\"aa7e0d3\" data-elementor-lightbox-title=\"gallery-01\" href=\"https:\/\/www.royalcollectioncovilha.com\/wp-content\/uploads\/2022\/01\/gallery-01.jpg\"><figure class=\"swiper-slide-inner\"><img class=\"swiper-slide-image\" src=\"https:\/\/www.royalcollectioncovilha.com\/wp-content\/uploads\/2022\/01\/gallery-01-605x465.jpg\" alt=\"Cozinha T4\" \/><\/figure><\/a><\/div><div class=\"swiper-slide\"><a data-elementor-open-lightbox=\"yes\" data-elementor-lightbox-slideshow=\"aa7e0d3\" data-elementor-lightbox-title=\"gallery-02\" href=\"https:\/\/www.royalcollectioncovilha.com\/wp-content\/uploads\/2022\/01\/gallery-02.jpg\"><figure class=\"swiper-slide-inner\"><img class=\"swiper-slide-image\" src=\"https:\/\/www.royalcollectioncovilha.com\/wp-content\/uploads\/2022\/01\/gallery-02-605x465.jpg\" alt=\"gallery-02\" \/><\/figure><\/a><\/div><div class=\"swiper-slide\"><a data-elementor-open-lightbox=\"yes\" data-elementor-lightbox-slideshow=\"aa7e0d3\" data-elementor-lightbox-title=\"gallery-03\" href=\"https:\/\/www.royalcollectioncovilha.com\/wp-content\/uploads\/2022\/01\/gallery-03.jpg\"><figure class=\"swiper-slide-inner\"><img class=\"swiper-slide-image\" src=\"https:\/\/www.royalcollectioncovilha.com\/wp-content\/uploads\/2022\/01\/gallery-03-605x465.jpg\" alt=\"gallery-03\" \/><\/figure><\/a><\/div><div class=\"swiper-slide\"><a data-elementor-open-lightbox=\"yes\" data-elementor-lightbox-slideshow=\"aa7e0d3\" data-elementor-lightbox-title=\"gallery-04\" href=\"https:\/\/www.royalcollectioncovilha.com\/wp-content\/uploads\/2022\/01\/gallery-04.jpg\"><figure class=\"swiper-slide-inner\"><img class=\"swiper-slide-image\" src=\"https:\/\/www.royalcollectioncovilha.com\/wp-content\/uploads\/2022\/01\/gallery-04-605x465.jpg\" alt=\"gallery-04\" \/><\/figure><\/a><\/div><div class=\"swiper-slide\"><a data-elementor-open-lightbox=\"yes\" data-elementor-lightbox-slideshow=\"aa7e0d3\" data-elementor-lightbox-title=\"gallery-05\" href=\"https:\/\/www.royalcollectioncovilha.com\/wp-content\/uploads\/2022\/01\/gallery-05.jpg\"><figure class=\"swiper-slide-inner\"><img class=\"swiper-slide-image\" src=\"https:\/\/www.royalcollectioncovilha.com\/wp-content\/uploads\/2022\/01\/gallery-05-605x465.jpg\" alt=\"gallery-05\" \/><\/figure><\/a><\/div>\t\t\t<\/div>\n\t\t\t\t\t\t\t\t\t\t\t\t\t\t\t\t<div class=\"elementor-swiper-button elementor-swiper-button-prev\">\n\t\t\t\t\t\t<i class=\"eicon-chevron-left\" aria-hidden=\"true\"><\/i>\n\t\t\t\t\t\t<span class=\"elementor-screen-only\">Pr\u00e9c\u00e9dent<\/span>\n\t\t\t\t\t<\/div>\n\t\t\t\t\t<div class=\"elementor-swiper-button elementor-swiper-button-next\">\n\t\t\t\t\t\t<i class=\"eicon-chevron-right\" aria-hidden=\"true\"><\/i>\n\t\t\t\t\t\t<span class=\"elementor-screen-only\">Suivant<\/span>\n\t\t\t\t\t<\/div>\n\t\t\t\t\t\t\t\t\t<\/div>\n\t\t\t\t<\/div>\n\t\t\t\t<\/div>\n\t\t\t\t\t\t<\/div>\n\t\t\t\t\t<\/div>\n\t\t<\/div>\n\t\t\t\t\t\t\t\t<\/div>\n\t\t\t\t\t<\/div>\n\t\t<\/section>\n\t\t\t\t<section class=\"elementor-section elementor-top-section elementor-element elementor-element-6200bcf1 elementor-section-boxed elementor-section-height-default elementor-section-height-default\" data-id=\"6200bcf1\" data-element_type=\"section\" data-settings=\"{&quot;background_background&quot;:&quot;classic&quot;}\">\n\t\t\t\t\t\t<div class=\"elementor-container elementor-column-gap-wider\">\n\t\t\t\t\t\t\t<div class=\"elementor-row\">\n\t\t\t\t\t<div class=\"elementor-column elementor-col-100 elementor-top-column elementor-element elementor-element-6ac1f6e\" data-id=\"6ac1f6e\" data-element_type=\"column\">\n\t\t\t<div class=\"elementor-column-wrap elementor-element-populated\">\n\t\t\t\t\t\t\t<div class=\"elementor-widget-wrap\">\n\t\t\t\t\t\t<div class=\"elementor-element elementor-element-4c028351 elementor-widget elementor-widget-themo-call-to-action\" data-id=\"4c028351\" data-element_type=\"widget\" data-widget_type=\"themo-call-to-action.default\">\n\t\t\t\t<div class=\"elementor-widget-container\">\n\t\t\t\t\t<div class=\"th-cta\">\n\t\t\t\t\t        <div class=\"th-cta-text\">\n\t\t            <span>Pr\u00eat pour un s\u00e9jour m\u00e9morable ?<\/span>\n\t\t        <\/div>\n\t\t    \n                        <div class=\"th-cta-btn\">\n\n                                    <a class=\"btn-1 btn th-btn btn-ghost-light\" href=\"https:\/\/securept2.e-gds.com\/royalcollection?lang=fr\" target=\"_blank\">\n                                                    R\u00e9servez Maintenant                                            <\/a>\n                \n                            <\/div>\n            \t\t<\/div>\n\t\t\t\t<\/div>\n\t\t\t\t<\/div>\n\t\t\t\t\t\t<\/div>\n\t\t\t\t\t<\/div>\n\t\t<\/div>\n\t\t\t\t\t\t\t\t<\/div>\n\t\t\t\t\t<\/div>\n\t\t<\/section>\n\t\t\t\t\t\t<\/div>\n\t\t\t\t\t\t<\/div>\n\t\t\t\t\t<\/div>\n\t\t","protected":false},"excerpt":{"rendered":"<p>Covilh\u00e3 Royal Collection Covilh\u00e3 Covilh\u00e3 Situ\u00e9 \u00e0 l&rsquo;int\u00e9rieur du Portugal, c&rsquo;est une ville de montagne. Ses rues offrent de l&rsquo;art urbain moderne r\u00e9pandu par les peintures murales de la ville, ainsi que son histoire qui remonte \u00e0 P\u00earo da Covilh\u00e3, &hellip; <a href=\"https:\/\/www.royalcollectioncovilha.com\/fr\/covilha\/\">Read More<\/a><\/p>\n","protected":false},"author":1,"featured_media":0,"parent":0,"menu_order":13,"comment_status":"closed","ping_status":"closed","template":"","meta":[],"aioseo_notices":[],"_links":{"self":[{"href":"https:\/\/www.royalcollectioncovilha.com\/fr\/wp-json\/wp\/v2\/pages\/1462"}],"collection":[{"href":"https:\/\/www.royalcollectioncovilha.com\/fr\/wp-json\/wp\/v2\/pages"}],"about":[{"href":"https:\/\/www.royalcollectioncovilha.com\/fr\/wp-json\/wp\/v2\/types\/page"}],"author":[{"embeddable":true,"href":"https:\/\/www.royalcollectioncovilha.com\/fr\/wp-json\/wp\/v2\/users\/1"}],"replies":[{"embeddable":true,"href":"https:\/\/www.royalcollectioncovilha.com\/fr\/wp-json\/wp\/v2\/comments?post=1462"}],"version-history":[{"count":80,"href":"https:\/\/www.royalcollectioncovilha.com\/fr\/wp-json\/wp\/v2\/pages\/1462\/revisions"}],"predecessor-version":[{"id":2967,"href":"https:\/\/www.royalcollectioncovilha.com\/fr\/wp-json\/wp\/v2\/pages\/1462\/revisions\/2967"}],"wp:attachment":[{"href":"https:\/\/www.royalcollectioncovilha.com\/fr\/wp-json\/wp\/v2\/media?parent=1462"}],"curies":[{"name":"wp","href":"https:\/\/api.w.org\/{rel}","templated":true}]}}