{"id":1507,"date":"2022-01-17T15:37:34","date_gmt":"2022-01-17T15:37:34","guid":{"rendered":"https:\/\/thevintagehouse.e-gdsbookingsuite.com\/?page_id=1507"},"modified":"2022-11-22T12:13:52","modified_gmt":"2022-11-22T12:13:52","slug":"politique-de-confidentialite","status":"publish","type":"page","link":"https:\/\/www.royalcollectioncovilha.com\/fr\/politique-de-confidentialite\/","title":{"rendered":"Politique de Confidentialit\u00e9"},"content":{"rendered":"\t\t<div data-elementor-type=\"wp-post\" data-elementor-id=\"1507\" class=\"elementor elementor-1507 elementor-514\" data-elementor-settings=\"[]\">\n\t\t\t\t\t\t<div class=\"elementor-inner\">\n\t\t\t\t\t\t\t<div class=\"elementor-section-wrap\">\n\t\t\t\t\t\t\t<section class=\"elementor-section elementor-top-section elementor-element elementor-element-6229ba4 elementor-section-full_width elementor-section-height-min-height elementor-section-height-default elementor-section-items-middle\" data-id=\"6229ba4\" data-element_type=\"section\" data-settings=\"{&quot;background_background&quot;:&quot;classic&quot;}\">\n\t\t\t\t\t\t\t<div class=\"elementor-background-overlay\"><\/div>\n\t\t\t\t\t\t\t<div class=\"elementor-container elementor-column-gap-default\">\n\t\t\t\t\t\t\t<div class=\"elementor-row\">\n\t\t\t\t\t<div class=\"elementor-column elementor-col-100 elementor-top-column elementor-element elementor-element-1f66876d\" data-id=\"1f66876d\" data-element_type=\"column\">\n\t\t\t<div class=\"elementor-column-wrap elementor-element-populated\">\n\t\t\t\t\t\t\t<div class=\"elementor-widget-wrap\">\n\t\t\t\t\t\t<div class=\"elementor-element elementor-element-68d1557 elementor-widget elementor-widget-spacer\" data-id=\"68d1557\" data-element_type=\"widget\" data-widget_type=\"spacer.default\">\n\t\t\t\t<div class=\"elementor-widget-container\">\n\t\t\t\t\t<div class=\"elementor-spacer\">\n\t\t\t<div class=\"elementor-spacer-inner\"><\/div>\n\t\t<\/div>\n\t\t\t\t<\/div>\n\t\t\t\t<\/div>\n\t\t\t\t<div class=\"elementor-element elementor-element-321bcc27 elementor-view-default elementor-position-top elementor-invisible elementor-widget elementor-widget-themo-header\" data-id=\"321bcc27\" data-element_type=\"widget\" data-settings=\"{&quot;_animation&quot;:&quot;fadeIn&quot;}\" data-widget_type=\"themo-header.default\">\n\t\t\t\t<div class=\"elementor-widget-container\">\n\t\t\t\t\t<div class=\"th-header-wrap\">\n        <div class=\"elementor-icon-box-wrapper \">\n                            <div class=\"elementor-icon-box-content\">\n                    <h1 class=\"elementor-icon-box-title\">\n                        <span >Politique de Confidentialit\u00e9<\/span>\n                    <\/h1>\n                                        <p class=\"elementor-icon-box-description\"><\/p>\n\n                                    <\/div>\n            <\/div>\n\n        <\/div>\n\n\t\t\t\t<\/div>\n\t\t\t\t<\/div>\n\t\t\t\t<div class=\"elementor-element elementor-element-e3d3395 elementor-view-default elementor-position-top elementor-invisible elementor-widget elementor-widget-themo-header\" data-id=\"e3d3395\" data-element_type=\"widget\" data-settings=\"{&quot;_animation&quot;:&quot;fadeIn&quot;}\" data-widget_type=\"themo-header.default\">\n\t\t\t\t<div class=\"elementor-widget-container\">\n\t\t\t\t\t<div class=\"th-header-wrap\">\n        <div class=\"elementor-icon-box-wrapper \">\n                            <div class=\"elementor-icon-box-content\">\n                    <h2 class=\"elementor-icon-box-title\">\n                        <span >Royal Collection Covilh\u00e3<\/span>\n                    <\/h2>\n                                        <p class=\"elementor-icon-box-description\"><\/p>\n\n                                    <\/div>\n            <\/div>\n\n        <\/div>\n\n\t\t\t\t<\/div>\n\t\t\t\t<\/div>\n\t\t\t\t\t\t<\/div>\n\t\t\t\t\t<\/div>\n\t\t<\/div>\n\t\t\t\t\t\t\t\t<\/div>\n\t\t\t\t\t<\/div>\n\t\t<\/section>\n\t\t\t\t<section class=\"elementor-section elementor-top-section elementor-element elementor-element-1dc1e6cf elementor-section-boxed elementor-section-height-default elementor-section-height-default\" data-id=\"1dc1e6cf\" data-element_type=\"section\" data-settings=\"{&quot;background_background&quot;:&quot;classic&quot;}\">\n\t\t\t\t\t\t<div class=\"elementor-container elementor-column-gap-default\">\n\t\t\t\t\t\t\t<div class=\"elementor-row\">\n\t\t\t\t\t<div class=\"elementor-column elementor-col-100 elementor-top-column elementor-element elementor-element-73bfa883\" data-id=\"73bfa883\" data-element_type=\"column\">\n\t\t\t<div class=\"elementor-column-wrap elementor-element-populated\">\n\t\t\t\t\t\t\t<div class=\"elementor-widget-wrap\">\n\t\t\t\t\t\t<div class=\"elementor-element elementor-element-4d85b0af elementor-widget elementor-widget-spacer\" data-id=\"4d85b0af\" data-element_type=\"widget\" data-widget_type=\"spacer.default\">\n\t\t\t\t<div class=\"elementor-widget-container\">\n\t\t\t\t\t<div class=\"elementor-spacer\">\n\t\t\t<div class=\"elementor-spacer-inner\"><\/div>\n\t\t<\/div>\n\t\t\t\t<\/div>\n\t\t\t\t<\/div>\n\t\t\t\t<div class=\"elementor-element elementor-element-08b0421 elementor-widget elementor-widget-wp-widget-text\" data-id=\"08b0421\" data-element_type=\"widget\" data-widget_type=\"wp-widget-text.default\">\n\t\t\t\t<div class=\"elementor-widget-container\">\n\t\t\t\t\t\t<div class=\"textwidget\"><p>Royal Collection Covilh\u00e3 \u00e0 un engagement \u00e0 assurer un service de qualit\u00e9 \u00e0 tous les clients et les visiteurs du site, ainsi que les aspects li\u00e9s \u00e0 leur vie priv\u00e9e.<\/p>\n<h2>Renseignements Personnels<\/h2>\n<p>Les renseignements personnels sont demand\u00e9s, afin que vous pouvez acc\u00e9der \u00e1 Royal Collection Covilh\u00e3, ainsi qu\u2019au moment de faire une r\u00e9servation. Notez que vos renseignements personnels ne seront utilis\u00e9s que pour effectuer la r\u00e9servation respective. Vos donn\u00e9es de contact sont \u00e9galement utilis\u00e9es dans notre base de donn\u00e9es pour envoyer des informations sur les promotions en vigueur dans notre Newsletter.<\/p>\n<p>Vos donn\u00e9es ne seront pas transmises \u00e0 troisi\u00e8mes et seront utilis\u00e9es seulement par Royal Collection Covilh\u00e3. Si vous \u00eates d\u00e9j\u00e0 un client enregistr\u00e9 dans notre site, vous pouvez modifier vos donn\u00e9es personnelles quand vous le souhaitez, il suffit de se connecter avec votre nom d&rsquo;utilisateur et mot de passe.<\/p>\n<h2>E-Mail<\/h2>\n<p>Si vous \u00eates abonn\u00e9 \u00e0 notre Newsletter, vous recevrez des informations de nos promotions par e-mail. Au cas o\u00f9 vous ne souhaitez plus recevoir de bulletins, vous pouvez retirer votre adresse de notre liste d&rsquo;envoi en cliquant sur le lien figurant au bas de chaque newsletter. Si vous \u00eates un client enregistr\u00e9, vous pouvez modifier vos donn\u00e9es personnelles \u00e0 tout moment, simplement en entrant votre nom d&rsquo;utilisateur et mot de passe.<\/p>\n<h2>S\u00e9curit\u00e9<\/h2>\n<p>Pour assurer la s\u00e9curit\u00e9 de vos informations et la plus stricte confidentialit\u00e9, nous traitons l&rsquo;information que vous nous fournissez de fa\u00e7on strictement confidentielle, conform\u00e9ment \u00e0 notre politique et proc\u00e9dure de s\u00e9curit\u00e9 et de confidentialit\u00e9.<\/p>\n<\/div>\n\t\t\t\t<\/div>\n\t\t\t\t<\/div>\n\t\t\t\t<div class=\"elementor-element elementor-element-4934072 elementor-widget elementor-widget-spacer\" data-id=\"4934072\" data-element_type=\"widget\" data-widget_type=\"spacer.default\">\n\t\t\t\t<div class=\"elementor-widget-container\">\n\t\t\t\t\t<div class=\"elementor-spacer\">\n\t\t\t<div class=\"elementor-spacer-inner\"><\/div>\n\t\t<\/div>\n\t\t\t\t<\/div>\n\t\t\t\t<\/div>\n\t\t\t\t\t\t<\/div>\n\t\t\t\t\t<\/div>\n\t\t<\/div>\n\t\t\t\t\t\t\t\t<\/div>\n\t\t\t\t\t<\/div>\n\t\t<\/section>\n\t\t\t\t\t\t<\/div>\n\t\t\t\t\t\t<\/div>\n\t\t\t\t\t<\/div>\n\t\t","protected":false},"excerpt":{"rendered":"<p>Politique de Confidentialit\u00e9 Royal Collection<\/p>\n","protected":false},"author":1,"featured_media":0,"parent":0,"menu_order":13,"comment_status":"closed","ping_status":"closed","template":"","meta":[],"aioseo_notices":[],"_links":{"self":[{"href":"https:\/\/www.royalcollectioncovilha.com\/fr\/wp-json\/wp\/v2\/pages\/1507"}],"collection":[{"href":"https:\/\/www.royalcollectioncovilha.com\/fr\/wp-json\/wp\/v2\/pages"}],"about":[{"href":"https:\/\/www.royalcollectioncovilha.com\/fr\/wp-json\/wp\/v2\/types\/page"}],"author":[{"embeddable":true,"href":"https:\/\/www.royalcollectioncovilha.com\/fr\/wp-json\/wp\/v2\/users\/1"}],"replies":[{"embeddable":true,"href":"https:\/\/www.royalcollectioncovilha.com\/fr\/wp-json\/wp\/v2\/comments?post=1507"}],"version-history":[{"count":20,"href":"https:\/\/www.royalcollectioncovilha.com\/fr\/wp-json\/wp\/v2\/pages\/1507\/revisions"}],"predecessor-version":[{"id":2819,"href":"https:\/\/www.royalcollectioncovilha.com\/fr\/wp-json\/wp\/v2\/pages\/1507\/revisions\/2819"}],"wp:attachment":[{"href":"https:\/\/www.royalcollectioncovilha.com\/fr\/wp-json\/wp\/v2\/media?parent=1507"}],"curies":[{"name":"wp","href":"https:\/\/api.w.org\/{rel}","templated":true}]}}